{"id":10666,"date":"2018-06-29T10:24:30","date_gmt":"2018-06-29T08:24:30","guid":{"rendered":"http:\/\/spital.sf.treime.md\/?page_id=10666"},"modified":"2018-07-12T13:21:28","modified_gmt":"2018-07-12T11:21:28","slug":"10666-2","status":"publish","type":"page","link":"https:\/\/treime.md\/ru\/10666-2\/","title":{"rendered":""},"content":{"rendered":"<p><a href=\"https:\/\/treime.md\/wp-content\/uploads\/2013\/04\/ADENOMUL-DE-PROSTATA.pdf\">\u0410\u0434\u0435\u043d\u043e\u043c\u0430 \u043f\u0440\u0435\u0434\u0441\u0442\u0430\u0442\u0435\u043b\u044c\u043d\u043e\u0439 \u0436\u0435\u043b\u0435\u0437\u044b<\/a><\/p>\n<p><a href=\"https:\/\/treime.md\/wp-content\/uploads\/2013\/04\/Infectiile-tractului-urinar-asociate-cateterismului-vezicii-urinare.pdf\">\u0418\u043d\u0444\u0435\u043a\u0446\u0438\u0438 \u043c\u043e\u0447\u0435\u0432\u044b\u0445 \u043f\u0443\u0442\u0435\u0439, \u0441\u0432\u044f\u0437\u0430\u043d\u043d\u044b\u0435 \u0441 \u043a\u0430\u0442\u0435\u0442\u0435\u0440\u0438\u0437\u0430\u0446\u0438\u0435\u0439 \u043c\u043e\u0447\u0435\u0432\u043e\u0433\u043e \u043f\u0443\u0437\u044b\u0440\u044f<\/a><\/p>\n<p><a href=\"https:\/\/treime.md\/wp-content\/uploads\/2013\/04\/INSUFICIEN\u0162\u0102-RENAL\u0102-cronica-terminala-sub-dializa.pdf\">\u0425\u0440\u043e\u043d\u0438\u0447\u0435\u0441\u043a\u0430\u044f \u043f\u043e\u0447\u0435\u0447\u043d\u0430\u044f \u043d\u0435\u0434\u043e\u0441\u0442\u0430\u0442\u043e\u0447\u043d\u043e\u0441\u0442\u044c \u043f\u0440\u0438 \u0434\u0438\u0430\u043b\u0438\u0437\u0435 <\/a><\/p>\n<p><a href=\"https:\/\/treime.md\/wp-content\/uploads\/2013\/04\/TRAUMATISMUL-renal.pdf\">\u041f\u043e\u0447\u0435\u0447\u043d\u0430\u044f \u0442\u0440\u0430\u0432\u043c\u0430<\/a><\/p>\n<p><a href=\"https:\/\/treime.md\/wp-content\/uploads\/2013\/04\/UROLITIAZA-LA-ADULT.pdf\">\u0423\u0440\u043e\u043b\u0438\u0442\u0438\u0430\u0437 (\u043c\u043e\u0447\u0435\u043a\u0430\u043c\u0435\u043d\u043d\u0430\u044f \u0431\u043e\u043b\u0435\u0437\u043d\u044c) \u0443 \u0432\u0437\u0440\u043e\u0441\u043b\u044b\u0445<\/a><\/p>\n","protected":false},"excerpt":{"rendered":"<p>\u0410\u0434\u0435\u043d\u043e\u043c\u0430 \u043f\u0440\u0435\u0434\u0441\u0442\u0430\u0442\u0435\u043b\u044c\u043d\u043e\u0439 \u0436\u0435\u043b\u0435\u0437\u044b \u0418\u043d\u0444\u0435\u043a\u0446\u0438\u0438 \u043c\u043e\u0447\u0435\u0432\u044b\u0445 \u043f\u0443\u0442\u0435\u0439, \u0441\u0432\u044f\u0437\u0430\u043d\u043d\u044b\u0435 \u0441 \u043a\u0430\u0442\u0435\u0442\u0435\u0440\u0438\u0437\u0430\u0446\u0438\u0435\u0439 \u043c\u043e\u0447\u0435\u0432\u043e\u0433\u043e \u043f\u0443\u0437\u044b\u0440\u044f \u0425\u0440\u043e\u043d\u0438\u0447\u0435\u0441\u043a\u0430\u044f \u043f\u043e\u0447\u0435\u0447\u043d\u0430\u044f \u043d\u0435\u0434\u043e\u0441\u0442\u0430\u0442\u043e\u0447\u043d\u043e\u0441\u0442\u044c \u043f\u0440\u0438 \u0434\u0438\u0430\u043b\u0438\u0437\u0435 \u041f\u043e\u0447\u0435\u0447\u043d\u0430\u044f \u0442\u0440\u0430\u0432\u043c\u0430 \u0423\u0440\u043e\u043b\u0438\u0442\u0438\u0430\u0437 (\u043c\u043e\u0447\u0435\u043a\u0430\u043c\u0435\u043d\u043d\u0430\u044f \u0431\u043e\u043b\u0435\u0437\u043d\u044c) \u0443 \u0432\u0437\u0440\u043e\u0441\u043b\u044b\u0445<\/p>\n","protected":false},"author":2,"featured_media":0,"parent":0,"menu_order":0,"comment_status":"closed","ping_status":"closed","template":"","meta":[],"_links":{"self":[{"href":"https:\/\/treime.md\/ru\/wp-json\/wp\/v2\/pages\/10666"}],"collection":[{"href":"https:\/\/treime.md\/ru\/wp-json\/wp\/v2\/pages"}],"about":[{"href":"https:\/\/treime.md\/ru\/wp-json\/wp\/v2\/types\/page"}],"author":[{"embeddable":true,"href":"https:\/\/treime.md\/ru\/wp-json\/wp\/v2\/users\/2"}],"replies":[{"embeddable":true,"href":"https:\/\/treime.md\/ru\/wp-json\/wp\/v2\/comments?post=10666"}],"version-history":[{"count":2,"href":"https:\/\/treime.md\/ru\/wp-json\/wp\/v2\/pages\/10666\/revisions"}],"predecessor-version":[{"id":10701,"href":"https:\/\/treime.md\/ru\/wp-json\/wp\/v2\/pages\/10666\/revisions\/10701"}],"wp:attachment":[{"href":"https:\/\/treime.md\/ru\/wp-json\/wp\/v2\/media?parent=10666"}],"curies":[{"name":"wp","href":"https:\/\/api.w.org\/{rel}","templated":true}]}}