{"id":4014,"date":"2016-05-16T12:54:54","date_gmt":"2016-05-16T10:54:54","guid":{"rendered":"http:\/\/spital.sf.treime.md\/?page_id=4014"},"modified":"2025-10-06T13:02:20","modified_gmt":"2025-10-06T11:02:20","slug":"raport-de-activitate","status":"publish","type":"page","link":"https:\/\/treime.md\/ru\/despre-noi\/transparenta\/raport-de-activitate\/","title":{"rendered":"\u041e\u0442\u0447\u0435\u0442 \u043e \u0440\u0430\u0431\u043e\u0442\u0435 \u0431\u043e\u043b\u044c\u043d\u0438\u0446\u044b"},"content":{"rendered":"<p>[vc_row][vc_column width=&#187;1\/4&#8243;][vc_widget_sidebar sidebar_id=&#187;despre-noi&#187;][\/vc_column][vc_column width=&#187;3\/4&#8243;][vc_column_text]<\/p>\n<h2><a href=\"https:\/\/treime.md\/wp-content\/uploads\/2013\/04\/Situatia-Financiara-anul-2024.pdf\">\u0424\u0438\u043d\u0430\u043d\u0441\u043e\u0432\u043e-\u044d\u043a\u043e\u043d\u043e\u043c\u0438\u0447\u0435\u0441\u043a\u0430\u044f \u0441\u0438\u0442\u0443\u0430\u0446\u0438\u044f \u0432 \u041f\u041c\u0421\u0423 \u041c\u041a\u0411 \u201eSf\u00e2nta Treime\u201d \u0437\u0430 \u043f\u0435\u0440\u0438\u043e\u0434 01.01.2024-31.12.2024<\/a><\/h2>\n<h2><a href=\"https:\/\/treime.md\/wp-content\/uploads\/2013\/04\/Situatia-Financiara-2023-APROBAT.pdf\">\u0424\u0438\u043d\u0430\u043d\u0441\u043e\u0432\u043e-\u044d\u043a\u043e\u043d\u043e\u043c\u0438\u0447\u0435\u0441\u043a\u0430\u044f \u0441\u0438\u0442\u0443\u0430\u0446\u0438\u044f \u0432 \u041f\u041c\u0421\u0423 \u041c\u041a\u0411 \u201eSf\u00e2nta Treime\u201d \u0437\u0430 \u043f\u0435\u0440\u0438\u043e\u0434 01.01.2023-31.12.2023<\/a><\/h2>\n<h2><a href=\"https:\/\/treime.md\/wp-content\/uploads\/2013\/04\/Situatia-Financiara-2023-APROBAT.pdf\">\u0424\u0438\u043d\u0430\u043d\u0441\u043e\u0432\u043e-\u044d\u043a\u043e\u043d\u043e\u043c\u0438\u0447\u0435\u0441\u043a\u0430\u044f \u0441\u0438\u0442\u0443\u0430\u0446\u0438\u044f \u0432 \u041f\u041c\u0421\u0423 \u041c\u041a\u0411 \u201eSf\u00e2nta Treime\u201d \u0437\u0430 \u043f\u0435\u0440\u0438\u043e\u0434 01.01.2023-31.12.2023<\/a><\/h2>\n<h2><a href=\"https:\/\/treime.md\/wp-content\/uploads\/2013\/04\/Situatia-economico-financiara-a-IMSP-SCM-Sf.Treime-la-01.01.2021____compressed.pdf\">\u0424\u0438\u043d\u0430\u043d\u0441\u043e\u0432\u043e-\u044d\u043a\u043e\u043d\u043e\u043c\u0438\u0447\u0435\u0441\u043a\u0430\u044f \u0441\u0438\u0442\u0443\u0430\u0446\u0438\u044f \u0432 \u041f\u041c\u0421\u0423 \u041c\u041a\u0411 \u201eSf\u00e2nta Treime\u201d \u043d\u0430 01.01.2021<\/a><\/h2>\n<h2><a href=\"https:\/\/treime.md\/wp-content\/uploads\/2013\/04\/2020_compressed.pdf\">\u0421\u0442\u0430\u0442\u0438\u0441\u0442\u0438\u0447\u0435\u0441\u043a\u0438\u0439 \u043e\u0442\u0447\u0435\u0442 \u0437\u0430 2020 \u0433\u043e\u0434, \u211630-\u0437\u0434\u0440\u0430\u0432, \u043e \u0434\u0435\u044f\u0442\u0435\u043b\u044c\u043d\u043e\u0441\u0442\u0438 \u0443\u0447\u0440\u0435\u0436\u0434\u0435\u043d\u0438\u044f \u0437\u0434\u0440\u0430\u0432\u043e\u043e\u0445\u0440\u0430\u043d\u0435\u043d\u0438\u044f<\/a><\/h2>\n<h2><a href=\"https:\/\/treime.md\/wp-content\/uploads\/2013\/04\/Situatia-econ-financ.Sf_.Treime-la-01.01.2020_compressed.pdf\">\u0424\u0438\u043d\u0430\u043d\u0441\u043e\u0432\u043e-\u044d\u043a\u043e\u043d\u043e\u043c\u0438\u0447\u0435\u0441\u043a\u0430\u044f \u0441\u0438\u0442\u0443\u0430\u0446\u0438\u044f \u0432 \u041f\u041c\u0421\u0423 \u041c\u041a\u0411 \u201eSf\u00e2nta Treime\u201d \u043d\u0430 01.01.2020<\/a><\/h2>\n<h2><a href=\"https:\/\/treime.md\/wp-content\/uploads\/2013\/04\/2019_compressed.pdf\">\u0421\u0442\u0430\u0442\u0438\u0441\u0442\u0438\u0447\u0435\u0441\u043a\u0438\u0439 \u043e\u0442\u0447\u0435\u0442 \u0437\u0430 2019 \u0433\u043e\u0434, \u211630-\u0437\u0434\u0440\u0430\u0432, \u043e \u0434\u0435\u044f\u0442\u0435\u043b\u044c\u043d\u043e\u0441\u0442\u0438 \u0443\u0447\u0440\u0435\u0436\u0434\u0435\u043d\u0438\u044f \u0437\u0434\u0440\u0430\u0432\u043e\u043e\u0445\u0440\u0430\u043d\u0435\u043d\u0438\u044f<\/a><\/h2>\n<h2><a href=\"https:\/\/treime.md\/wp-content\/uploads\/2013\/04\/Raport-statistic-2018-nr.-30-s\u0103n-Anexa-nr.1-privind-activitatea-de-sta\u021bionar-a-institu\u021biei-medico-sanitare.pdf\">\u0421\u0442\u0430\u0442\u0438\u0441\u0442\u0438\u0447\u0435\u0441\u043a\u0438\u0439 \u043e\u0442\u0447\u0435\u0442 \u0437\u0430 2018 \u0433\u043e\u0434, \u211630-\u0437\u0434\u0440\u0430\u0432, \u0432\u043a\u043b\u0430\u0434\u044b\u0448 \u21161, \u043e \u0434\u0435\u044f\u0442\u0435\u043b\u044c\u043d\u043e\u0441\u0442\u0438 \u0441\u0442\u0430\u0446\u0438\u043e\u043d\u0430\u0440\u0430 \u0443\u0447\u0440\u0435\u0436\u0434\u0435\u043d\u0438\u044f \u0437\u0434\u0440\u0430\u0432\u043e\u043e\u0445\u0440\u0430\u043d\u0435\u043d\u0438\u044f<\/a><\/h2>\n<h2><a href=\"https:\/\/treime.md\/wp-content\/uploads\/2013\/04\/Raport-statistic-2018-nr.-30-s\u0103n-privind-activitatea-institu\u021biei-medico-sanitare.pdf\">\u0421\u0442\u0430\u0442\u0438\u0441\u0442\u0438\u0447\u0435\u0441\u043a\u0438\u0439 \u043e\u0442\u0447\u0435\u0442 \u0437\u0430 2018 \u0433\u043e\u0434, \u211630-\u0437\u0434\u0440\u0430\u0432, \u043e \u0434\u0435\u044f\u0442\u0435\u043b\u044c\u043d\u043e\u0441\u0442\u0438 \u0443\u0447\u0440\u0435\u0436\u0434\u0435\u043d\u0438\u044f \u0437\u0434\u0440\u0430\u0432\u043e\u043e\u0445\u0440\u0430\u043d\u0435\u043d\u0438\u044f<\/a><\/h2>\n<h2><a href=\"https:\/\/treime.md\/wp-content\/uploads\/2013\/04\/Raport-statistic-2018-nr.13-privind-\u00eentreruperea-de-sarcin\u0103-\u00een-termenele-p\u00e2n\u0103-la-21-s\u0103pt\u0103m\u00eeni-.pdf\">\u0421\u0442\u0430\u0442\u0438\u0441\u0442\u0438\u0447\u0435\u0441\u043a\u0438\u0439 \u043e\u0442\u0447\u0435\u0442 \u0437\u0430 2018 \u0433\u043e\u0434, \u211613, \u043e \u043f\u0440\u0435\u0440\u044b\u0432\u0430\u043d\u0438\u0438 \u0431\u0435\u0440\u0435\u043c\u0435\u043d\u043d\u043e\u0441\u0442\u0438 (\u0432 \u0441\u0440\u043e\u043a\u0438 \u0434\u043e 21 \u043d\u0435\u0434\u0435\u043b\u044c)<\/a><\/h2>\n<h2><a href=\"https:\/\/treime.md\/wp-content\/uploads\/2013\/04\/Raport-a.-2017-presa.pdf\">\u041e\u0442\u0447\u0435\u0442 \u043e \u0440\u0430\u0431\u043e\u0442\u0435 \u0431\u043e\u043b\u044c\u043d\u0438\u0446\u044b \u0437\u0430 2017 \u0433\u043e\u0434<\/a><\/h2>\n<h2><a href=\"https:\/\/treime.md\/wp-content\/uploads\/2013\/04\/Raport-a.9-luni-2017-PREZENTARE-FIN-1.ppt\">\u041e\u0442\u0447\u0435\u0442 \u043e \u0440\u0430\u0431\u043e\u0442\u0435 \u0431\u043e\u043b\u044c\u043d\u0438\u0446\u044b \u0437\u0430 9 \u043c\u0435\u0441\u044f\u0446\u0435\u0432 2017 \u0433\u043e\u0434\u0430 <\/a><\/h2>\n<h2><a href=\"https:\/\/treime.md\/wp-content\/uploads\/2013\/04\/Raport-a.-2017-DIRECTOR-PDF.pdf\" target=\"_blank\" rel=\"noopener\">\u041e\u0442\u0447\u0435\u0442 \u043e \u0440\u0430\u0431\u043e\u0442\u0435 \u0431\u043e\u043b\u044c\u043d\u0438\u0446\u044b \u0437\u0430 I \u0441\u0435\u043c\u0435\u0441\u0442\u0440 2017 \u0433\u043e\u0434\u0430<\/a><\/h2>\n<h2><a href=\"https:\/\/treime.md\/wp-content\/uploads\/2013\/04\/Raport-a.-2016-DIRECTOR-Mass-media.pdf\" target=\"_blank\" rel=\"noopener\">\u041e\u0442\u0447\u0435\u0442 \u043e \u0440\u0430\u0431\u043e\u0442\u0435 \u0431\u043e\u043b\u044c\u043d\u0438\u0446\u044b \u0437\u0430 2016 \u0433\u043e\u0434<\/a><\/h2>\n<h2><a href=\"https:\/\/treime.md\/wp-content\/uploads\/2013\/04\/Raport-2015-1.pdf\" target=\"_blank\" rel=\"noopener\">\u041e\u0442\u0447\u0435\u0442 \u043e \u0440\u0430\u0431\u043e\u0442\u0435 \u0431\u043e\u043b\u044c\u043d\u0438\u0446\u044b \u0437\u0430 I \u0441\u0435\u043c\u0435\u0441\u0442\u0440 2016 \u0433\u043e\u0434\u0430<\/a><\/h2>\n<h2><a href=\"https:\/\/treime.md\/wp-content\/uploads\/2013\/04\/Raport-2015-1.pdf\" target=\"_blank\" rel=\"noopener\">\u041e\u0442\u0447\u0435\u0442 \u043e \u0440\u0430\u0431\u043e\u0442\u0435 \u0431\u043e\u043b\u044c\u043d\u0438\u0446\u044b \u0437\u0430 2015 \u0433\u043e\u0434<\/a><\/h2>\n<p>[\/vc_column_text][\/vc_column][\/vc_row]<\/p>\n","protected":false},"excerpt":{"rendered":"<p>[vc_row][vc_column width=&#187;1\/4&#8243;][vc_widget_sidebar sidebar_id=&#187;despre-noi&#187;][\/vc_column][vc_column width=&#187;3\/4&#8243;][vc_column_text] \u0424\u0438\u043d\u0430\u043d\u0441\u043e\u0432\u043e-\u044d\u043a\u043e\u043d\u043e\u043c\u0438\u0447\u0435\u0441\u043a\u0430\u044f \u0441\u0438\u0442\u0443\u0430\u0446\u0438\u044f \u0432 \u041f\u041c\u0421\u0423 \u041c\u041a\u0411 \u201eSf\u00e2nta Treime\u201d \u0437\u0430 \u043f\u0435\u0440\u0438\u043e\u0434 01.01.2024-31.12.2024 \u0424\u0438\u043d\u0430\u043d\u0441\u043e\u0432\u043e-\u044d\u043a\u043e\u043d\u043e\u043c\u0438\u0447\u0435\u0441\u043a\u0430\u044f \u0441\u0438\u0442\u0443\u0430\u0446\u0438\u044f \u0432 \u041f\u041c\u0421\u0423 \u041c\u041a\u0411 \u201eSf\u00e2nta Treime\u201d \u0437\u0430 \u043f\u0435\u0440\u0438\u043e\u0434 01.01.2023-31.12.2023 \u0424\u0438\u043d\u0430\u043d\u0441\u043e\u0432\u043e-\u044d\u043a\u043e\u043d\u043e\u043c\u0438\u0447\u0435\u0441\u043a\u0430\u044f \u0441\u0438\u0442\u0443\u0430\u0446\u0438\u044f \u0432 \u041f\u041c\u0421\u0423 \u041c\u041a\u0411 \u201eSf\u00e2nta Treime\u201d \u0437\u0430 \u043f\u0435\u0440\u0438\u043e\u0434 01.01.2023-31.12.2023 \u0424\u0438\u043d\u0430\u043d\u0441\u043e\u0432\u043e-\u044d\u043a\u043e\u043d\u043e\u043c\u0438\u0447\u0435\u0441\u043a\u0430\u044f \u0441\u0438\u0442\u0443\u0430\u0446\u0438\u044f \u0432 \u041f\u041c\u0421\u0423 \u041c\u041a\u0411 \u201eSf\u00e2nta Treime\u201d \u043d\u0430 01.01.2021 \u0421\u0442\u0430\u0442\u0438\u0441\u0442\u0438\u0447\u0435\u0441\u043a\u0438\u0439 \u043e\u0442\u0447\u0435\u0442 \u0437\u0430 2020 \u0433\u043e\u0434, \u211630-\u0437\u0434\u0440\u0430\u0432, \u043e \u0434\u0435\u044f\u0442\u0435\u043b\u044c\u043d\u043e\u0441\u0442\u0438 \u0443\u0447\u0440\u0435\u0436\u0434\u0435\u043d\u0438\u044f \u0437\u0434\u0440\u0430\u0432\u043e\u043e\u0445\u0440\u0430\u043d\u0435\u043d\u0438\u044f \u0424\u0438\u043d\u0430\u043d\u0441\u043e\u0432\u043e-\u044d\u043a\u043e\u043d\u043e\u043c\u0438\u0447\u0435\u0441\u043a\u0430\u044f \u0441\u0438\u0442\u0443\u0430\u0446\u0438\u044f<\/p>\n","protected":false},"author":1,"featured_media":0,"parent":2647,"menu_order":0,"comment_status":"closed","ping_status":"closed","template":"","meta":[],"_links":{"self":[{"href":"https:\/\/treime.md\/ru\/wp-json\/wp\/v2\/pages\/4014"}],"collection":[{"href":"https:\/\/treime.md\/ru\/wp-json\/wp\/v2\/pages"}],"about":[{"href":"https:\/\/treime.md\/ru\/wp-json\/wp\/v2\/types\/page"}],"author":[{"embeddable":true,"href":"https:\/\/treime.md\/ru\/wp-json\/wp\/v2\/users\/1"}],"replies":[{"embeddable":true,"href":"https:\/\/treime.md\/ru\/wp-json\/wp\/v2\/comments?post=4014"}],"version-history":[{"count":29,"href":"https:\/\/treime.md\/ru\/wp-json\/wp\/v2\/pages\/4014\/revisions"}],"predecessor-version":[{"id":27603,"href":"https:\/\/treime.md\/ru\/wp-json\/wp\/v2\/pages\/4014\/revisions\/27603"}],"up":[{"embeddable":true,"href":"https:\/\/treime.md\/ru\/wp-json\/wp\/v2\/pages\/2647"}],"wp:attachment":[{"href":"https:\/\/treime.md\/ru\/wp-json\/wp\/v2\/media?parent=4014"}],"curies":[{"name":"wp","href":"https:\/\/api.w.org\/{rel}","templated":true}]}}